{"id":4092,"date":"2022-10-17T07:03:13","date_gmt":"2022-10-17T06:03:13","guid":{"rendered":"https:\/\/irudiarchitecture.com\/servicios\/"},"modified":"2024-10-21T20:49:56","modified_gmt":"2024-10-21T19:49:56","slug":"servicios","status":"publish","type":"page","link":"https:\/\/irudiarchitecture.com\/es\/servicios\/","title":{"rendered":"Servicios"},"content":{"rendered":"\n<div style=\"height:40px\" aria-hidden=\"true\" class=\"wp-block-spacer\"><\/div>\n\n<div class=\"wp-block-uagb-advanced-heading uagb-block-039524ec\"><h2 class=\"uagb-heading-text\">NUESTRO FLUJO DE TRABAJO<\/h2><\/div>\n\n<div data-aos= \"fade-down\" data-aos-duration=\"400\" data-aos-delay=\"0\" data-aos-easing=\"ease\" data-aos-once=\"true\" class=\"wp-block-uagb-container uagb-block-5ec33759 alignfull uagb-is-root-container\"><div class=\"uagb-container-inner-blocks-wrap\">\n<div class=\"wp-block-columns is-layout-flex wp-container-core-columns-is-layout-28f84493 wp-block-columns-is-layout-flex\">\n<div class=\"wp-block-column is-content-justification-left is-layout-constrained wp-container-core-column-is-layout-aa84ca50 wp-block-column-is-layout-constrained\" style=\"padding-right:var(--wp--preset--spacing--50);padding-left:var(--wp--preset--spacing--50)\">\n<div data-aos= \"fade-right\" data-aos-duration=\"400\" data-aos-delay=\"0\" data-aos-easing=\"ease\" data-aos-once=\"true\" class=\"wp-block-uagb-advanced-heading uagb-block-e015c934\"><h3 class=\"uagb-heading-text\">PASO A PASO<\/h3><\/div>\n\n\n\n<div data-aos= \"fade-right\" data-aos-duration=\"400\" data-aos-delay=\"0\" data-aos-easing=\"ease\" data-aos-once=\"true\" class=\"wp-block-uagb-info-box uagb-block-6e0b51b3 uagb-infobox__content-wrap  uagb-infobox-icon-above-title uagb-infobox-image-valign-top textojustificado\"><div class=\"uagb-ifb-content\"><div class=\"uagb-ifb-title-wrap\"><\/div><p class=\"uagb-ifb-desc\">Ofrecemos una amplia variedad de servicios que, en conjunto, conforman un proceso de trabajo completo. Entendemos cada <a href=\"https:\/\/irudiarchitecture.com\/es\/proyectos\/\" data-type=\"link\" data-id=\"https:\/\/irudiarchitecture.com\/es\/proyectos\/\">colaboraci\u00f3n<\/a> como una suma de diferentes fases, donde cada paso refleja un aspecto esencial del proyecto. La calidad de nuestras im\u00e1genes reside en la atenci\u00f3n que dedicamos a cada parte de este proceso.<\/p><\/div><\/div>\n<\/div>\n\n\n\n<div class=\"wp-block-column is-content-justification-right is-layout-constrained wp-container-core-column-is-layout-3793c325 wp-block-column-is-layout-constrained\" style=\"padding-right:var(--wp--preset--spacing--50);padding-left:var(--wp--preset--spacing--50)\">\n<div data-aos= \"fade-left\" data-aos-duration=\"400\" data-aos-delay=\"0\" data-aos-easing=\"ease\" data-aos-once=\"true\" class=\"wp-block-uagb-advanced-heading uagb-block-62bfbcae\"><h2 class=\"uagb-heading-text\">SEG\u00daN TUS NECESIDADES<br\/><\/h2><\/div>\n\n\n\n<div data-aos= \"fade-left\" data-aos-duration=\"400\" data-aos-delay=\"0\" data-aos-easing=\"ease\" data-aos-once=\"true\" class=\"wp-block-uagb-info-box uagb-block-1bc30d04 uagb-infobox__content-wrap  uagb-infobox-icon-above-title uagb-infobox-image-valign-top textojustificado\"><div class=\"uagb-ifb-content\"><div class=\"uagb-ifb-title-wrap\"><\/div><p class=\"uagb-ifb-desc\">Nuestro proceso y <a href=\"https:\/\/irudiarchitecture.com\/es\/proyectos\/\" data-type=\"link\" data-id=\"https:\/\/irudiarchitecture.com\/es\/proyectos\/\">el trabajo que desarrollamos<\/a> tienen como eje central al cliente y sus necesidades. Los formatos de colaboraci\u00f3n se adaptan a tus requerimientos, atendiendo a tiempos y plazos y necesidades especiales del proyecto, para que tus ideas se muestren tal y como las imaginas. <\/p><\/div><\/div>\n<\/div>\n<\/div>\n<\/div><\/div>\n\n<div data-aos= \"fade-down\" data-aos-duration=\"400\" data-aos-delay=\"0\" data-aos-easing=\"ease\" data-aos-once=\"true\" class=\"wp-block-uagb-container uagb-block-54322261 alignfull uagb-is-root-container\"><div class=\"uagb-container-inner-blocks-wrap\">\n<div class=\"wp-block-uagb-advanced-heading uagb-block-9f8f5a79\"><h3 class=\"uagb-heading-text\">Nuestro proceso de trabajo y servicios<\/h3><div class=\"uagb-separator\"><\/div><\/div>\n\n\n\n<div style=\"height:20px\" aria-hidden=\"true\" class=\"wp-block-spacer\"><\/div>\n\n\n\n<div class=\"wp-block-uagb-advanced-heading uagb-block-edc7578d textojustificado\"><h5 class=\"uagb-heading-text\">Nuestro flujo de trabajo est\u00e1 definido por un proceso base que ha sido desarrollado durante <a href=\"https:\/\/irudiarchitecture.com\/es\/proyectos\/\" data-type=\"link\" data-id=\"https:\/\/irudiarchitecture.com\/es\/proyectos\/\">nuestros a\u00f1os de trabajo.<\/a> Este proceso tiene como principio la eficiencia en la representaci\u00f3n de un proyecto, pulido en la experiencia con los diferentes estudios y promotores con los que hemos colaborado. No obstante, tambi\u00e9n ofrecemos un servicio parcial en caso de ser necesario una \u00fanica parte del proceso.<\/h5><\/div>\n\n\n      \n\t\t\t<div class=\"uagb-icon-wrapper uagb-block-40ad5ee8  wp-block-uagb-icon--has-margin    \"\n\t\t\tstyle=\"\" >\n\t\t\t\t\t\t\t\t<div class='uagb-icon-margin-wrapper'>\n\t\t\t\t\t\t\t\t\t<span class=\"uagb-svg-wrapper\" \n\t\t\t\t\t aria-label=\"arrow-down\"\t\t\t\t\ttabindex=\"0\">\t\t\n\t\t\t\t\t\t\t\t\t\t<svg xmlns=\"https:\/\/www.w3.org\/2000\/svg\" viewBox= \"0 0 384 512\" role=\"graphics-symbol\" aria-hidden=\"false\" aria-label=\"\"><path d=\"M374.6 310.6l-160 160C208.4 476.9 200.2 480 192 480s-16.38-3.125-22.62-9.375l-160-160c-12.5-12.5-12.5-32.75 0-45.25s32.75-12.5 45.25 0L160 370.8V64c0-17.69 14.33-31.1 31.1-31.1S224 46.31 224 64v306.8l105.4-105.4c12.5-12.5 32.75-12.5 45.25 0S387.1 298.1 374.6 310.6z\"><\/path><\/svg>\n\t\t\t\t\t\t\t\t\t<\/span>\n\t\t\t\t\t\t\t\t<\/div>\n\t\t\t\t\t\t\t<\/div>\n\t\t\t<\/div><\/div>\n\n<div style=\"height:80px\" aria-hidden=\"true\" class=\"wp-block-spacer\"><\/div>\n\n<div style=\"height:40px\" aria-hidden=\"true\" class=\"wp-block-spacer\"><\/div>\n\n<div data-aos= \"fade-down\" data-aos-duration=\"400\" data-aos-delay=\"0\" data-aos-easing=\"ease\" data-aos-once=\"true\" class=\"wp-block-uagb-container uagb-block-fb762ebd alignfull uagb-is-root-container\"><div class=\"uagb-container-inner-blocks-wrap\">\n<div data-aos= \"fade-down\" data-aos-duration=\"400\" data-aos-delay=\"0\" data-aos-easing=\"ease\" data-aos-once=\"true\" class=\"wp-block-uagb-content-timeline uagb-timeline__outer-wrap uagb-block-1f031859 uagb-timeline__content-wrap uagb-timeline__center-block  uagb-timeline__arrow-center uagb-timeline textojustificado\">\n<article class=\"wp-block-uagb-content-timeline-child uagb-timeline__field uagb-timeline-child-fdaa7a54 uagb-timeline__right\"><div class=\"uagb-timeline__marker out-view-uagb-timeline__icon\"><svg xmlns=\"https:\/\/www.w3.org\/2000\/svg\" viewbox=\"0 0 448 512\"><path d=\"M160 32V64H288V32C288 14.33 302.3 0 320 0C337.7 0 352 14.33 352 32V64H400C426.5 64 448 85.49 448 112V160H0V112C0 85.49 21.49 64 48 64H96V32C96 14.33 110.3 0 128 0C145.7 0 160 14.33 160 32zM0 192H448V464C448 490.5 426.5 512 400 512H48C21.49 512 0 490.5 0 464V192zM64 304C64 312.8 71.16 320 80 320H112C120.8 320 128 312.8 128 304V272C128 263.2 120.8 256 112 256H80C71.16 256 64 263.2 64 272V304zM192 304C192 312.8 199.2 320 208 320H240C248.8 320 256 312.8 256 304V272C256 263.2 248.8 256 240 256H208C199.2 256 192 263.2 192 272V304zM336 256C327.2 256 320 263.2 320 272V304C320 312.8 327.2 320 336 320H368C376.8 320 384 312.8 384 304V272C384 263.2 376.8 256 368 256H336zM64 432C64 440.8 71.16 448 80 448H112C120.8 448 128 440.8 128 432V400C128 391.2 120.8 384 112 384H80C71.16 384 64 391.2 64 400V432zM208 384C199.2 384 192 391.2 192 400V432C192 440.8 199.2 448 208 448H240C248.8 448 256 440.8 256 432V400C256 391.2 248.8 384 240 384H208zM320 432C320 440.8 327.2 448 336 448H368C376.8 448 384 440.8 384 432V400C384 391.2 376.8 384 368 384H336C327.2 384 320 391.2 320 400V432z\"><\/path><\/svg><\/div><div class=\"uagb-timeline__day-new uagb-timeline__day-right uagb-timeline__events-inner-new\"><div class=\"uagb-timeline__events-inner--content\"><h4 class=\"uagb-timeline__heading\"><br\/>1. MODELADO 3D + ASESOR\u00cdA BIM<\/h4><p class=\"uagb-timeline-desc-content\">Tras obtener la <strong>documentaci\u00f3n gr\u00e1fica 2D<\/strong> del proyecto (planos, secciones, bocetos, etc.), comenzamos a modelar el proyecto para generar el <strong>3D<\/strong> que se utilizar\u00e1 para obtener la informaci\u00f3n gr\u00e1fica necesaria. En esta primera fase, en caso de que el proyecto siga abierto, ofrecemos la posibilidad de desarrollar <strong>diferentes opciones de dise\u00f1o<\/strong> y variantes para terminar de definir el proyecto. Adem\u00e1s, ofrecemos un servicio BIM, ayudando a terceros a <strong>desarrollar sus proyectos seg\u00fan los est\u00e1ndares BIM<\/strong>, generando un modelo inteligente del que extraer todo tipo de informaci\u00f3n.<br\/><br\/><\/p><div class=\"uagb-timeline__arrow\"><\/div><\/div><\/div><div class=\"uagb-timeline__date-new\"><\/div><\/article>\n\n\n\n<article class=\"wp-block-uagb-content-timeline-child uagb-timeline__field uagb-timeline-child-d7047be6 uagb-timeline__left\"><div class=\"uagb-timeline__marker out-view-uagb-timeline__icon\"><svg xmlns=\"https:\/\/www.w3.org\/2000\/svg\" viewbox=\"0 0 448 512\"><path d=\"M160 32V64H288V32C288 14.33 302.3 0 320 0C337.7 0 352 14.33 352 32V64H400C426.5 64 448 85.49 448 112V160H0V112C0 85.49 21.49 64 48 64H96V32C96 14.33 110.3 0 128 0C145.7 0 160 14.33 160 32zM0 192H448V464C448 490.5 426.5 512 400 512H48C21.49 512 0 490.5 0 464V192zM64 304C64 312.8 71.16 320 80 320H112C120.8 320 128 312.8 128 304V272C128 263.2 120.8 256 112 256H80C71.16 256 64 263.2 64 272V304zM192 304C192 312.8 199.2 320 208 320H240C248.8 320 256 312.8 256 304V272C256 263.2 248.8 256 240 256H208C199.2 256 192 263.2 192 272V304zM336 256C327.2 256 320 263.2 320 272V304C320 312.8 327.2 320 336 320H368C376.8 320 384 312.8 384 304V272C384 263.2 376.8 256 368 256H336zM64 432C64 440.8 71.16 448 80 448H112C120.8 448 128 440.8 128 432V400C128 391.2 120.8 384 112 384H80C71.16 384 64 391.2 64 400V432zM208 384C199.2 384 192 391.2 192 400V432C192 440.8 199.2 448 208 448H240C248.8 448 256 440.8 256 432V400C256 391.2 248.8 384 240 384H208zM320 432C320 440.8 327.2 448 336 448H368C376.8 448 384 440.8 384 432V400C384 391.2 376.8 384 368 384H336C327.2 384 320 391.2 320 400V432z\"><\/path><\/svg><\/div><div class=\"uagb-timeline__day-new uagb-timeline__day-left uagb-timeline__events-inner-new\"><div class=\"uagb-timeline__events-inner--content\"><h4 class=\"uagb-timeline__heading\"><br\/>2. PUNTOS DE VISTA + REFERENCIAS ESTIL\u00cdSTICAS\/LUM\u00cdNICAS<\/h4><p class=\"uagb-timeline-desc-content\">Una vez terminada la geometr\u00eda principal del modelo 3D, se seleccionan <strong>los espacios que ser\u00e1n representados<\/strong>, adem\u00e1s de <strong>referencias de iluminaci\u00f3n y estilo<\/strong> que ayuden a desarrollar el proyecto por el camino indicado. Se ofrecer\u00e1n diferentes im\u00e1genes con varios encuadres y ambientes para terminar de escoger <strong>los puntos de vista finales<\/strong>, as\u00ed como el <strong>momento del d\u00eda y climatolog\u00eda<\/strong> requeridas.<br\/><br\/><\/p><div class=\"uagb-timeline__arrow\"><\/div><\/div><\/div><div class=\"uagb-timeline__date-new\"><\/div><\/article>\n\n\n\n<article class=\"wp-block-uagb-content-timeline-child uagb-timeline__field uagb-timeline-child-22db1c73 uagb-timeline__right\"><div class=\"uagb-timeline__marker out-view-uagb-timeline__icon\"><svg xmlns=\"https:\/\/www.w3.org\/2000\/svg\" viewbox=\"0 0 448 512\"><path d=\"M160 32V64H288V32C288 14.33 302.3 0 320 0C337.7 0 352 14.33 352 32V64H400C426.5 64 448 85.49 448 112V160H0V112C0 85.49 21.49 64 48 64H96V32C96 14.33 110.3 0 128 0C145.7 0 160 14.33 160 32zM0 192H448V464C448 490.5 426.5 512 400 512H48C21.49 512 0 490.5 0 464V192zM64 304C64 312.8 71.16 320 80 320H112C120.8 320 128 312.8 128 304V272C128 263.2 120.8 256 112 256H80C71.16 256 64 263.2 64 272V304zM192 304C192 312.8 199.2 320 208 320H240C248.8 320 256 312.8 256 304V272C256 263.2 248.8 256 240 256H208C199.2 256 192 263.2 192 272V304zM336 256C327.2 256 320 263.2 320 272V304C320 312.8 327.2 320 336 320H368C376.8 320 384 312.8 384 304V272C384 263.2 376.8 256 368 256H336zM64 432C64 440.8 71.16 448 80 448H112C120.8 448 128 440.8 128 432V400C128 391.2 120.8 384 112 384H80C71.16 384 64 391.2 64 400V432zM208 384C199.2 384 192 391.2 192 400V432C192 440.8 199.2 448 208 448H240C248.8 448 256 440.8 256 432V400C256 391.2 248.8 384 240 384H208zM320 432C320 440.8 327.2 448 336 448H368C376.8 448 384 440.8 384 432V400C384 391.2 376.8 384 368 384H336C327.2 384 320 391.2 320 400V432z\"><\/path><\/svg><\/div><div class=\"uagb-timeline__day-new uagb-timeline__day-right uagb-timeline__events-inner-new\"><div class=\"uagb-timeline__events-inner--content\"><h4 class=\"uagb-timeline__heading\"><br\/>3. COMPOSICI\u00d3N DE ESCENA + MATERIALES Y TEXTURAS<\/h4><p class=\"uagb-timeline-desc-content\">Una vez elegidos los puntos de vista y los aspectos de iluminaci\u00f3n, se definir\u00e1n <strong>los materiales de las superficies<\/strong>. Ofrecemos la posibilidad de considerar <strong>distintos acabados y combinaciones de materiales<\/strong>. Adem\u00e1s, se establecer\u00e1n las condiciones ambientales y se fijar\u00e1n elementos como <strong>personas y vegetaci\u00f3n<\/strong>. Las im\u00e1genes resultantes se enviar\u00e1n y el cliente realizar\u00e1 las correcciones oportunas para obtener la composici\u00f3n final.<br\/><br\/><\/p><div class=\"uagb-timeline__arrow\"><\/div><\/div><\/div><div class=\"uagb-timeline__date-new\"><\/div><\/article>\n\n\n\n<article class=\"wp-block-uagb-content-timeline-child uagb-timeline__field uagb-timeline-child-cfc0debd uagb-timeline__left\"><div class=\"uagb-timeline__marker out-view-uagb-timeline__icon\"><svg xmlns=\"https:\/\/www.w3.org\/2000\/svg\" viewbox=\"0 0 448 512\"><path d=\"M160 32V64H288V32C288 14.33 302.3 0 320 0C337.7 0 352 14.33 352 32V64H400C426.5 64 448 85.49 448 112V160H0V112C0 85.49 21.49 64 48 64H96V32C96 14.33 110.3 0 128 0C145.7 0 160 14.33 160 32zM0 192H448V464C448 490.5 426.5 512 400 512H48C21.49 512 0 490.5 0 464V192zM64 304C64 312.8 71.16 320 80 320H112C120.8 320 128 312.8 128 304V272C128 263.2 120.8 256 112 256H80C71.16 256 64 263.2 64 272V304zM192 304C192 312.8 199.2 320 208 320H240C248.8 320 256 312.8 256 304V272C256 263.2 248.8 256 240 256H208C199.2 256 192 263.2 192 272V304zM336 256C327.2 256 320 263.2 320 272V304C320 312.8 327.2 320 336 320H368C376.8 320 384 312.8 384 304V272C384 263.2 376.8 256 368 256H336zM64 432C64 440.8 71.16 448 80 448H112C120.8 448 128 440.8 128 432V400C128 391.2 120.8 384 112 384H80C71.16 384 64 391.2 64 400V432zM208 384C199.2 384 192 391.2 192 400V432C192 440.8 199.2 448 208 448H240C248.8 448 256 440.8 256 432V400C256 391.2 248.8 384 240 384H208zM320 432C320 440.8 327.2 448 336 448H368C376.8 448 384 440.8 384 432V400C384 391.2 376.8 384 368 384H336C327.2 384 320 391.2 320 400V432z\"><\/path><\/svg><\/div><div class=\"uagb-timeline__day-new uagb-timeline__day-left uagb-timeline__events-inner-new\"><div class=\"uagb-timeline__events-inner--content\"><h4 class=\"uagb-timeline__heading\"><br\/>4. POSTPRODUCCI\u00d3N + CORRECCIONES FINALES<\/h4><p class=\"uagb-timeline-desc-content\">Una vez realizadas las correcciones y se cierre la composici\u00f3n final, entraremos en el proceso de postproducci\u00f3n, donde <strong>se a\u00f1adir\u00e1n los toques finales<\/strong>. El cliente propondr\u00e1 las \u00faltimas sugerencias y se incluir\u00e1n los <strong>\u00faltimos detalles y efectos finales<\/strong> (iluminaci\u00f3n, reflectivos, ambientales etc.) obteni\u00e9ndose <a href=\"https:\/\/irudiarchitecture.com\/es\/proyectos\/\" data-type=\"link\" data-id=\"https:\/\/irudiarchitecture.com\/es\/proyectos\/\">la imagen final<\/a>, en alta resoluci\u00f3n.<br\/><br\/><\/p><div class=\"uagb-timeline__arrow\"><\/div><\/div><\/div><div class=\"uagb-timeline__date-new\"><\/div><\/article>\n\n\n\n<article class=\"wp-block-uagb-content-timeline-child uagb-timeline__field uagb-timeline-child-4cbc879b uagb-timeline__right\"><div class=\"uagb-timeline__marker out-view-uagb-timeline__icon\"><svg xmlns=\"https:\/\/www.w3.org\/2000\/svg\" viewbox=\"0 0 448 512\"><path d=\"M160 32V64H288V32C288 14.33 302.3 0 320 0C337.7 0 352 14.33 352 32V64H400C426.5 64 448 85.49 448 112V160H0V112C0 85.49 21.49 64 48 64H96V32C96 14.33 110.3 0 128 0C145.7 0 160 14.33 160 32zM0 192H448V464C448 490.5 426.5 512 400 512H48C21.49 512 0 490.5 0 464V192zM64 304C64 312.8 71.16 320 80 320H112C120.8 320 128 312.8 128 304V272C128 263.2 120.8 256 112 256H80C71.16 256 64 263.2 64 272V304zM192 304C192 312.8 199.2 320 208 320H240C248.8 320 256 312.8 256 304V272C256 263.2 248.8 256 240 256H208C199.2 256 192 263.2 192 272V304zM336 256C327.2 256 320 263.2 320 272V304C320 312.8 327.2 320 336 320H368C376.8 320 384 312.8 384 304V272C384 263.2 376.8 256 368 256H336zM64 432C64 440.8 71.16 448 80 448H112C120.8 448 128 440.8 128 432V400C128 391.2 120.8 384 112 384H80C71.16 384 64 391.2 64 400V432zM208 384C199.2 384 192 391.2 192 400V432C192 440.8 199.2 448 208 448H240C248.8 448 256 440.8 256 432V400C256 391.2 248.8 384 240 384H208zM320 432C320 440.8 327.2 448 336 448H368C376.8 448 384 440.8 384 432V400C384 391.2 376.8 384 368 384H336C327.2 384 320 391.2 320 400V432z\"><\/path><\/svg><\/div><div class=\"uagb-timeline__day-new uagb-timeline__day-right uagb-timeline__events-inner-new\"><div class=\"uagb-timeline__events-inner--content\"><h4 class=\"uagb-timeline__heading\"><br\/>5. DOCUMENTACI\u00d3N GR\u00c1FICA ADICIONAL<\/h4><p class=\"uagb-timeline-desc-content\">Adem\u00e1s de las im\u00e1genes fotorrealistas, ofrecemos la posibilidad de obtener documentaci\u00f3n gr\u00e1fica adicional a partir del modelo 3D inicial, como <strong>v\u00eddeos y animaciones, tours virtuales y diagramas explicativos<\/strong>. Nuestro mayor prop\u00f3sito es crear la informaci\u00f3n necesaria para que <strong>tus proyectos sean representados y transmitidos de la mejor manera posible<\/strong>.<br\/><br\/><\/p><div class=\"uagb-timeline__arrow\"><\/div><\/div><\/div><div class=\"uagb-timeline__date-new\"><\/div><\/article>\n<div class=\"uagb-timeline__line\"><div class=\"uagb-timeline__line__inner\"><\/div><\/div><\/div>\n<\/div><\/div>\n\n<div data-aos= \"fade-up\" data-aos-duration=\"400\" data-aos-delay=\"0\" data-aos-easing=\"ease\" data-aos-once=\"true\" class=\"wp-block-uagb-container uagb-block-1a6dd12f alignfull uagb-is-root-container\"><div class=\"uagb-container-inner-blocks-wrap\">\n<div class=\"wp-block-uagb-call-to-action uagb-block-0f1cf2c7 wp-block-button\"><div class=\"uagb-cta__wrap\"><h2 class=\"uagb-cta__title\">Hablamos<\/h2><p class=\"uagb-cta__desc\">\u00bfTienes alguna pregunta? Estamos siempre abiertos a resolver cualquier duda, compartir nuevos proyectos, oportunidades creativas y formatos de colaboraci\u00f3n. Hablamos sin compromiso.<\/p><\/div><div class=\"uagb-cta__buttons\"><a href=\"\/\/irudiarchitecture.com\/contact\/\" class=\"uagb-cta__button-link-wrapper wp-block-button__link\" target=\"_self\" rel=\"noopener noreferrer\">PONTE EN CONTACTO<\/a><\/div><\/div>\n<\/div><\/div>\n","protected":false},"excerpt":{"rendered":"<p>NUESTRO FLUJO DE TRABAJO PASO A PASO SEG\u00daN TUS NECESIDADES Nuestro proceso de trabajo y servicios Nuestro flujo de trabajo est\u00e1 definido por un proceso base que ha sido desarrollado durante nuestros a\u00f1os de trabajo. Este proceso tiene como principio la eficiencia en la representaci\u00f3n de un proyecto, pulido en la experiencia con los diferentes [&hellip;]<\/p>\n","protected":false},"author":2,"featured_media":0,"parent":0,"menu_order":0,"comment_status":"closed","ping_status":"closed","template":"","meta":{"_uag_custom_page_level_css":"","_monsterinsights_skip_tracking":false,"_monsterinsights_sitenote_active":false,"_monsterinsights_sitenote_note":"","_monsterinsights_sitenote_category":0,"_uf_show_specific_survey":0,"_uf_disable_surveys":false,"site-sidebar-layout":"default","site-content-layout":"","ast-site-content-layout":"default","site-content-style":"default","site-sidebar-style":"default","ast-global-header-display":"","ast-banner-title-visibility":"","ast-main-header-display":"","ast-hfb-above-header-display":"","ast-hfb-below-header-display":"","ast-hfb-mobile-header-display":"","site-post-title":"disabled","ast-breadcrumbs-content":"","ast-featured-img":"","footer-sml-layout":"","ast-disable-related-posts":"","theme-transparent-header-meta":"disabled","adv-header-id-meta":"","stick-header-meta":"","header-above-stick-meta":"","header-main-stick-meta":"","header-below-stick-meta":"","astra-migrate-meta-layouts":"set","ast-page-background-enabled":"default","ast-page-background-meta":{"desktop":{"background-color":"var(--ast-global-color-4)","background-image":"","background-repeat":"repeat","background-position":"center center","background-size":"auto","background-attachment":"scroll","background-type":"","background-media":"","overlay-type":"","overlay-color":"","overlay-opacity":"","overlay-gradient":""},"tablet":{"background-color":"","background-image":"","background-repeat":"repeat","background-position":"center center","background-size":"auto","background-attachment":"scroll","background-type":"","background-media":"","overlay-type":"","overlay-color":"","overlay-opacity":"","overlay-gradient":""},"mobile":{"background-color":"","background-image":"","background-repeat":"repeat","background-position":"center center","background-size":"auto","background-attachment":"scroll","background-type":"","background-media":"","overlay-type":"","overlay-color":"","overlay-opacity":"","overlay-gradient":""}},"ast-content-background-meta":{"desktop":{"background-color":"var(--ast-global-color-5)","background-image":"","background-repeat":"repeat","background-position":"center center","background-size":"auto","background-attachment":"scroll","background-type":"","background-media":"","overlay-type":"","overlay-color":"","overlay-opacity":"","overlay-gradient":""},"tablet":{"background-color":"var(--ast-global-color-5)","background-image":"","background-repeat":"repeat","background-position":"center center","background-size":"auto","background-attachment":"scroll","background-type":"","background-media":"","overlay-type":"","overlay-color":"","overlay-opacity":"","overlay-gradient":""},"mobile":{"background-color":"var(--ast-global-color-5)","background-image":"","background-repeat":"repeat","background-position":"center center","background-size":"auto","background-attachment":"scroll","background-type":"","background-media":"","overlay-type":"","overlay-color":"","overlay-opacity":"","overlay-gradient":""}},"_vp_format_video_url":"","_vp_image_focal_point":[],"footnotes":""},"class_list":["post-4092","page","type-page","status-publish","hentry"],"uagb_featured_image_src":{"full":false,"thumbnail":false,"medium":false,"medium_large":false,"large":false,"1536x1536":false,"2048x2048":false,"vp_sm":false,"vp_md":false,"vp_lg":false,"vp_xl":false,"vp_sm_popup":false,"vp_md_popup":false,"vp_xl_popup":false},"uagb_author_info":{"display_name":"IRU\u00b7DI Architectural Visualization","author_link":"https:\/\/irudiarchitecture.com\/es\/author\/admin-2\/"},"uagb_comment_info":0,"uagb_excerpt":"NUESTRO FLUJO DE TRABAJO PASO A PASO SEG\u00daN TUS NECESIDADES Nuestro proceso de trabajo y servicios Nuestro flujo de trabajo est\u00e1 definido por un proceso base que ha sido desarrollado durante nuestros a\u00f1os de trabajo. Este proceso tiene como principio la eficiencia en la representaci\u00f3n de un proyecto, pulido en la experiencia con los diferentes&hellip;","_links":{"self":[{"href":"https:\/\/irudiarchitecture.com\/es\/wp-json\/wp\/v2\/pages\/4092","targetHints":{"allow":["GET"]}}],"collection":[{"href":"https:\/\/irudiarchitecture.com\/es\/wp-json\/wp\/v2\/pages"}],"about":[{"href":"https:\/\/irudiarchitecture.com\/es\/wp-json\/wp\/v2\/types\/page"}],"author":[{"embeddable":true,"href":"https:\/\/irudiarchitecture.com\/es\/wp-json\/wp\/v2\/users\/2"}],"replies":[{"embeddable":true,"href":"https:\/\/irudiarchitecture.com\/es\/wp-json\/wp\/v2\/comments?post=4092"}],"version-history":[{"count":35,"href":"https:\/\/irudiarchitecture.com\/es\/wp-json\/wp\/v2\/pages\/4092\/revisions"}],"predecessor-version":[{"id":5408,"href":"https:\/\/irudiarchitecture.com\/es\/wp-json\/wp\/v2\/pages\/4092\/revisions\/5408"}],"wp:attachment":[{"href":"https:\/\/irudiarchitecture.com\/es\/wp-json\/wp\/v2\/media?parent=4092"}],"curies":[{"name":"wp","href":"https:\/\/api.w.org\/{rel}","templated":true}]}}